{"id":576,"date":"2024-06-05T10:09:52","date_gmt":"2024-06-05T08:09:52","guid":{"rendered":"https:\/\/abarrote.enmantenimiento.es\/index.php\/politica-de-cookies\/"},"modified":"2025-03-12T13:00:58","modified_gmt":"2025-03-12T12:00:58","slug":"politica-de-cookies","status":"publish","type":"page","link":"https:\/\/abarrotebar.com\/en\/politica-de-cookies\/","title":{"rendered":"Pol\u00edtica de Cookies"},"content":{"rendered":"\t\t<div data-elementor-type=\"wp-page\" data-elementor-id=\"576\" class=\"elementor elementor-576 elementor-149\" data-elementor-post-type=\"page\">\n\t\t\t\t<div class=\"elementor-element elementor-element-13ddfabe e-con-full e-flex e-con e-parent\" data-id=\"13ddfabe\" data-element_type=\"container\">\n\t\t\t\t<div class=\"elementor-element elementor-element-57cd066 elementor-widget elementor-widget-text-editor\" data-id=\"57cd066\" data-element_type=\"widget\" data-widget_type=\"text-editor.default\">\n\t\t\t\t<div class=\"elementor-widget-container\">\n\t\t\t\t\t\t\t\t\t<div class=\"post-content page-content\"><h1>POL\u00cdTICA DE COOKIES<\/h1><h2>1. \u00bfQu\u00e9 son las cookies?<\/h2><p>La p\u00e1gina web cuya propiedad y titularidad es de TERRE RESTAURACI\u00d3N S.L.U. (en adelante \u201cla web\u201d o el \u201csitio web\u201d) utiliza cookies y\/o tecnolog\u00edas similares que almacenan y recuperan informaci\u00f3n cuando navegas. En general, estas tecnolog\u00edas pueden servir para finalidades muy diversas, como, por ejemplo, reconocerte como usuario, obtener informaci\u00f3n sobre tus h\u00e1bitos de navegaci\u00f3n, o personalizar la forma en que se muestra el contenido. <\/p><p>El usuario podr\u00e1 configurar su navegador para que notifique y rechace la instalaci\u00f3n las cookies enviadas por la web, sin que ello perjudique la posibilidad de acceder a los contenidos de dicha web, pero la calidad de funcionamiento de la p\u00e1gina web puede disminuir.<\/p><p>Los usos concretos que hacemos de estas tecnolog\u00edas se describen a continuaci\u00f3n.<\/p><h2> <\/h2><h2>2. \u00bfQu\u00e9 tipos de cookies existen?<\/h2><p>Las Cookies, en funci\u00f3n de su <strong>Permanencia<\/strong>, pueden dividirse en:<\/p><table><tbody><tr><td width=\"98\"><p><strong>Cookies de sesi\u00f3n<\/strong><\/p><\/td><td width=\"471\"><p>Son aquellas dise\u00f1adas para recabar y almacenar datos mientras el usuario accede a una p\u00e1gina web. Se suelen emplear para almacenar informaci\u00f3n que solo interesa conservar para la prestaci\u00f3n del servicio solicitado. Expiran cuando el usuario cierra el navegador.  <\/p><\/td><\/tr><tr><td width=\"98\"><p><strong>Persistent Cookies<\/strong><\/p><\/td><td width=\"471\"><p>Son aquellas en las que los datos siguen almacenados en el terminal y pueden ser accedidos y tratados durante un periodo definido en funci\u00f3n de cuando se cumpla el objetivo para el que sirven (por ejemplo, para que el usuario se mantenga identificado en los Servicios) o bien cuando se borran manualmente.<\/p><\/td><\/tr><\/tbody><\/table><p>En funci\u00f3n de su <strong>Propietario, <\/strong>pueden dividirse en:<\/p><table><tbody><tr><td width=\"98\"><p><strong>Cookies propias<\/strong><\/p><\/td><td width=\"471\"><p>Son aqu\u00e9llas que se env\u00edan al equipo terminal del usuario desde un equipo o dominio gestionado por el propio editor y desde el que se presta el servicio solicitado por el usuario.<\/p><\/td><\/tr><tr><td width=\"98\"><p><strong>Cookies de terceros<\/strong><\/p><\/td><td width=\"471\"><p>Son aqu\u00e9llas que se env\u00edan al equipo terminal del usuario desde un equipo o dominio que no es gestionado por el editor, sino por otra entidad que trata los datos obtenidos trav\u00e9s de las cookies.<\/p><\/td><\/tr><\/tbody><\/table><p>Adicionalmente, en funci\u00f3n de su<strong> finalidad<\/strong>, las Cookies pueden clasificarse de la siguiente forma:<\/p><table width=\"576\"><tbody><tr><td width=\"99\"><p><strong><em>Cookies <\/em><\/strong><strong>t\u00e9cnicas<\/strong><\/p><\/td><td colspan=\"2\" width=\"478\"><p>Son aquellas que permiten al usuario la navegaci\u00f3n a trav\u00e9s de una p\u00e1gina web, plataforma o aplicaci\u00f3n y la utilizaci\u00f3n de las diferentes opciones o servicios que en ella existan, incluyendo aquellas que el editor utiliza para permitir la gesti\u00f3n y operativa de la p\u00e1gina web y habilitar sus funciones y servicios como, por ejemplo, identificar la sesi\u00f3n o controlar el tr\u00e1fico y la comunicaci\u00f3n de datos. <\/p><\/td><\/tr><tr><td rowspan=\"3\" width=\"99\"><p><strong><em>Cookies <\/em><\/strong><strong>de preferencias o personalizaci\u00f3n<\/strong><\/p><\/td><td colspan=\"2\" width=\"478\"><p>Este tipo de Cookie recuerda sus preferencias para las herramientas que se encuentran en los servicios, por lo que no tiene que volver a configurar el servicio cada vez que usted visita. A modo de ejemplo, en esta tipolog\u00eda se incluyen: <\/p><\/td><\/tr><tr><td rowspan=\"2\" width=\"16\"> <\/td><td width=\"462\"><p>Ajustes de volumen de reproductores de v\u00eddeo o sonido.<\/p><\/td><\/tr><tr><td width=\"462\"><p>Las velocidades de transmisi\u00f3n de v\u00eddeo que sean compatibles con su navegador.<\/p><\/td><\/tr><\/tbody><\/table><table width=\"576\"><tbody><tr><td width=\"95\"><p><strong><em>Cookies <\/em><\/strong><strong>de <\/strong> <\/p><p><strong>Geo-localizaci\u00f3n<\/strong><\/p><\/td><td width=\"481\"><p>Estas Cookies son utilizadas para averiguar en qu\u00e9 pa\u00eds se encuentra cuando se solicita un servicio. Esta Cookie es totalmente an\u00f3nima, y s\u00f3lo se utiliza para ayudar a orientar el contenido a su ubicaci\u00f3n. <\/p><\/td><\/tr><\/tbody><\/table><table width=\"576\"><tbody><tr><td rowspan=\"3\" width=\"95\"><p><strong><em>Cookies <\/em><\/strong><strong>de registro<\/strong><\/p><\/td><td colspan=\"2\" width=\"482\"><p>Las Cookies de registro se generan una vez que el usuario se ha registrado o posteriormente ha abierto su sesi\u00f3n, y se utilizan para identificarle en los servicios con los siguientes objetivos:<\/p><\/td><\/tr><tr><td rowspan=\"2\" width=\"16\"> <\/td><td width=\"466\"><p>Mantener al usuario identificado de forma que, si cierra un servicio, el navegador o el ordenador y en otro momento u otro d\u00eda vuelve a entrar en dicho servicio, seguir\u00e1 identificado, facilitando as\u00ed su navegaci\u00f3n sin tener que volver a identificarse. Esta funcionalidad se puede suprimir si el usuario pulsa la funcionalidad \u201ccerrar sesi\u00f3n\u201d, de forma que esta Cookie se elimina y la pr\u00f3xima vez que entre en el servicio el usuario tendr\u00e1 que iniciar sesi\u00f3n para estar identificado. <\/p><\/td><\/tr><tr><td width=\"466\"><p>Comprobar si el usuario est\u00e1 autorizado para acceder a ciertos servicios, por ejemplo, para participar en un concurso.<\/p><\/td><\/tr><\/tbody><\/table><table width=\"576\"><tbody><tr><td rowspan=\"5\" width=\"96\"><p><strong><em>Cookies de an\u00e1lisis o medici\u00f3n<\/em><\/strong><\/p><\/td><td colspan=\"2\" width=\"480\"><p>Cada vez que un Usuario visita un servicio, una herramienta de un proveedor externo genera una Cookie anal\u00edtica en el ordenador del usuario. Esta Cookie que s\u00f3lo se genera en la visita, servir\u00e1 en pr\u00f3ximas visitas a los Servicios de la Web para identificar de forma an\u00f3nima al visitante. Los objetivos principales que se persiguen son:  <\/p><\/td><\/tr><tr><td rowspan=\"4\" width=\"16\"> <\/td><td width=\"464\"><p>Permitir la identificaci\u00f3n an\u00f3nima de los usuarios navegantes a trav\u00e9s de la \u201c<em>Cookie<\/em>\u201d (identifica navegadores y dispositivos, no personas) y por lo tanto la contabilizaci\u00f3n aproximada del n\u00famero de visitantes y su tendencia en el tiempo.<\/p><\/td><\/tr><tr><td width=\"464\"><p>Identificar de forma an\u00f3nima los contenidos m\u00e1s visitados y por lo tanto m\u00e1s atractivos para los usuarios.<\/p><\/td><\/tr><tr><td width=\"464\"><p>Saber si el usuario que est\u00e1 accediendo es nuevo o repite visita.<\/p><\/td><\/tr><tr><td width=\"464\"><p><u>Importante<\/u>: Salvo que el usuario decida registrarse en un servicio de la Web, la \u201c<em>Cookie<\/em>\u201d nunca ir\u00e1 asociada a ning\u00fan dato de car\u00e1cter personal que pueda identificarle. Dichas Cookies s\u00f3lo ser\u00e1n utilizadas con prop\u00f3sitos estad\u00edsticos que ayuden a la optimizaci\u00f3n de la experiencia de los Usuarios en el sitio. <\/p><\/td><\/tr><\/tbody><\/table><table width=\"576\"><tbody><tr><td width=\"127\"><p><strong><em>Cookies <\/em><\/strong><strong>de<\/strong><\/p><p><strong>publicidad comportamental<\/strong><\/p><\/td><td width=\"449\"><p>Este tipo de \u201c<em>Cookies<\/em>\u201d permite ampliar la informaci\u00f3n de los anuncios mostrados a cada usuario an\u00f3nimo en los Servicios de la Web. Entre otros, se almacena la duraci\u00f3n o frecuencia de visualizaci\u00f3n de posiciones publicitarias, la interacci\u00f3n con las mismas, o los patrones de navegaci\u00f3n y\/o compartimientos del usuario ya que ayudan a conformar un perfil de inter\u00e9s publicitario. De este modo, permiten ofrecer publicidad af\u00edn a los intereses del usuario.  <\/p><\/td><\/tr><\/tbody><\/table><table width=\"576\"><tbody><tr><td width=\"125\"><p><strong><em>Cookies<\/em><\/strong><strong> publicitarias de terceros<\/strong><\/p><\/td><td width=\"452\"><p>Adem\u00e1s de la publicidad gestionada por la Web en sus Servicios, la Web ofrece a sus anunciantes la opci\u00f3n de servir anuncios a trav\u00e9s de terceros (\u201cAdServers\u201d). De este modo, estos terceros pueden almacenar <em>Cookies<\/em> enviadas desde los Servicios de la Web procedentes de los navegadores de los Usuarios, as\u00ed como acceder a los datos que en ellas se guardan. <\/p><\/td><\/tr><\/tbody><\/table><\/div><h3><strong>3. \u00bfQu\u00e9 tipo de cookies utilizamos?<\/strong><\/h3><table><thead><tr><th>Tipos de Cookies<\/th><th>Informaci\u00f3n que recoge y para qu\u00e9 se utiliza<\/th><\/tr><\/thead><tbody><tr><td>De Sesi\u00f3n<\/td><td>La necesaria para el funcionamiento de la Web.<br>Por ejemplo, cookies que te permiten acceder a \u00e1reas seguras, pero que no se utilizan para tu identificaci\u00f3n.<\/td><\/tr><tr><td>Preferencias<br>_icl_current_language<br>wpml_referer_url<\/td><td><p>Las cookies de preferencias permiten a la p\u00e1gina web recordar informaci\u00f3n que cambia la forma en que la p\u00e1gina se comporta o el aspecto que tiene, como su idioma preferido o la regi\u00f3n en la que usted se encuentra.<br>Guarda el idioma preferido del usuario en el sitio web. Tipo http. Caducidad de 1 d\u00eda.<\/p><p>Necesaria para el mantenimiento de los ajustes de idiomas a trav\u00e9s de paginas dentro de la web. Tipo http. Caducidad 1 d\u00eda.<\/p><\/td><\/tr><tr><td>T\u00e9cnicas y Funcionales<\/td><td>Las que te permiten la navegaci\u00f3n a trav\u00e9s de la web y la utilizaci\u00f3n de las diferentes opciones o servicios que en ella existan.<br>Ejemplos, identificar la sesi\u00f3n, acceder a partes de acceso restringido a usuarios registrados, utilizar elementos de seguridad durante la navegaci\u00f3n, almacenar contenidos para la difusi\u00f3n de videos o sonido o compartir contenidos a trav\u00e9s de redes sociales.<\/td><\/tr><tr><td>De An\u00e1lisis<br>_ga<br>_gat<br>_gid<\/td><td><p>Las que permiten al responsable de las mismas, el seguimiento y an\u00e1lisis de tu comportamiento en el sitio web reuniendo informaci\u00f3n de forma an\u00f3nima. La informaci\u00f3n recogida se utiliza en la medici\u00f3n de la actividad de la web. Tambi\u00e9n, para la elaboraci\u00f3n de perfiles de navegaci\u00f3n con el fin de introducir mejoras en funci\u00f3n del an\u00e1lisis de los datos de uso que se hace del servicio.<br>Registra una identificaci\u00f3n \u00fanica que se utiliza para generar datos estad\u00edsticos acerca de c\u00f3mo utiliza el visitante el sitio web. Datos enviados a Estados Unidos, pa\u00eds adecuado bajo el RGPD. Tipo http. Caducidad 2 a\u00f1os.<\/p><p>Utilizado por Google Analytics para controlar la tasa de peticiones. Datos enviados a Estados Unidos, pa\u00eds adecuado bajo el RGPD. Tipo http. Caducidad 1 d\u00eda.<\/p><p>Registra una identificaci\u00f3n \u00fanica que se utiliza para generar datos estad\u00edsticos acerca de c\u00f3mo utiliza el visitante el sitio web. Datos enviados a Estados Unidos, pa\u00eds adecuado bajo el RGPD. Tipo http. Caducidad 1 d\u00eda.<\/p><\/td><\/tr><tr><td>Publicidad<br>_fbp<br>ads\/ga-audience<br>Fr<br>Gwcc<br>IDE<br>pagead\/1p-conversion\/#<br>pagead\/1p-user-list\/#<br>test_cookie<br>tr<\/td><td>Las que permiten la gesti\u00f3n de los espacios publicitarios que, en su caso, se hayan incluido en la web desde la que presta el servicio solicitado.<br>Utilizada por Facebook para proporcionar una serie de productos publicitarios como pujas en tiempo real de terceros anunciantes. Datos enviados a Pa\u00edses Bajos, pa\u00eds adecuado bajo el RGPD. Tipo http. Caducidad 3 meses.<br>Utilizada por Google AdWords para reconectar con visitantes que tienen posibilidades de convertirse en clientes, se basa en el comportamiento online del cliente a trav\u00e9s de las webs. Datos enviados a Estados Unidos, pa\u00eds adecuado bajo el RGPD. Tipo Pixel. Caducidad session.<br>Utilizada por Facebook para proporcionar una serie de productos publicitarios como pujas en tiempo real de terceros anunciantes. Datos enviados a Pa\u00edses Bajos, pa\u00eds adecuado bajo el RGPD. Tipo http. Caducidad 3 meses.<br>Habilita Google Website Call Conversions \u2013 Registra si el visitante ha hecho clic en llamar dentro de la subp\u00e1gina \u201ccontacta con nosotros\u201d. Esta informaci\u00f3n se usa con prop\u00f3sitos estad\u00edsticos y de marketing . Datos enviados a Espa\u00f1a, pa\u00eds adecuado bajo el RGPD. Tipo http. Caducidad 3 meses.<br>Utilizada por Google DoubleClick para registrar e informar sobre las acciones del usuario en el sitio web tras visualizar o hacer clic en uno de los anuncios del anunciante con el prop\u00f3sito de medir la eficacia de un anuncio y presentar anuncios espec\u00edficos para el usuario. Datos enviados a Estados Unidos, pa\u00eds adecuado bajo el RGPD. Tipo http. Caducidad 1 a\u00f1o.<br>No clasificados. Datos enviados a Estados Unidos, pa\u00eds adecuado bajo el RGPD. Tipo Pixel. Caducidad session.<br>Utilizada para comprobar si el navegador del usuario admite cookies. Datos enviados a Estados Unidos, pa\u00eds adecuado bajo el RGPD. Tipo http. Caducidad 1 d\u00eda.<br>Utilizada por Facebook para proporcionar una serie de productos publicitarios como pujas en tiempo real de terceros anunciantes. Datos enviados a Pa\u00edses Bajos, pa\u00eds adecuado bajo el RGPD. Tipo pixel. Caducidad session.<\/td><\/tr><\/tbody><\/table><p><strong> <\/strong><\/p><div class=\"post-content page-content\"><h2>4.\u00bfC\u00f3mo deshabilitar las Cookies?<\/h2><p>Normalmente es posible dejar de aceptar las Cookies del navegador, o dejar de aceptar las Cookies de un Servicio en particular.<\/p><p>Todos los navegadores modernos permiten cambiar la configuraci\u00f3n de Cookies. Estos ajustes normalmente se encuentran en las \u00a8opciones\u00a8 o \u00a8preferencias\u00a8 del men\u00fa de su navegador. Asimismo, puede configurar su navegador o su gestor de correo electr\u00f3nico, as\u00ed como instalar complementos gratuitos para evitar que se descarguen los Web <em>Bugs<\/em> al abrir un email.  <\/p><p>La Web ofrece orientaci\u00f3n al Usuario sobre los pasos para acceder al men\u00fa de configuraci\u00f3n de las <em>cookies<\/em> y, en su caso, de la navegaci\u00f3n privada en cada uno de los navegadores principales:<\/p><table width=\"595\"><tbody><tr><td width=\"141\"><p>Microsoft Edge<\/p><\/td><td width=\"454\"><p><strong><a href=\"https:\/\/support.microsoft.com\/es-es\/windows\/eliminar-y-administrar-cookies-168dab11-0753-043d-7c16-ede5947fc64d#ie=ie-10\">https:\/\/support.microsoft.com\/es-es\/windows\/eliminar-y-administrar-cookies-168dab11-0753-043d-7c16-ede5947fc64d#ie=ie-10<\/a><\/strong><\/p><\/td><\/tr><tr><td width=\"141\"><p>Firefox<\/p><\/td><td width=\"454\"><p><a href=\"https:\/\/support.mozilla.org\/es\/kb\/Deshabilitar%20cookies%20de%20terceros\">https:\/\/support.mozilla.org\/es\/kb\/Deshabilitar%20cookies%20de%20terceros<\/a><\/p><\/td><\/tr><tr><td width=\"141\"><p>Chrome<\/p><\/td><td width=\"454\"><p><a href=\"https:\/\/support.google.com\/accounts\/answer\/61416?hl=es&amp;co=GENIE.Platform%3DDesktop\">https:\/\/support.google.com\/accounts\/answer\/61416?hl=es&amp;co=GENIE.Platform%3DDesktop<\/a><\/p><\/td><\/tr><tr><td width=\"141\"><p>Safari<\/p><\/td><td width=\"454\"><p><a href=\"https:\/\/support.apple.com\/es-es\/105082\">https:\/\/support.apple.com\/es-es\/105082<\/a><\/p><\/td><\/tr><\/tbody><\/table><p>Asimismo, el usuario puede modificar, configurar, y en su caso revocar el consentimiento otorgado para la instalaci\u00f3n de las cookies, utilizando el modal ubicado en la totalidad de las pesta\u00f1as de la p\u00e1gina web, y\/o haciendo clic en el siguiente <u>enlace<\/u>.<\/p><h2> <\/h2><h2>5.Transferencias de datos a terceros pa\u00edses<\/h2><p>La instalaci\u00f3n de cookies descrita en el ep\u00edgrafe 3 de la presente pol\u00edtica de cookies puede conllevar la transferencia de datos a terceros pa\u00edses. En este sentido, las transferencias internacionales de datos suponen un flujo de datos personales desde el territorio espa\u00f1ol a destinatarios establecidos en pa\u00edses fuera del Espacio Econ\u00f3mico Europeo (los pa\u00edses de la Uni\u00f3n Europea m\u00e1s Liechtenstein, Islandia y Noruega). <\/p><p>Por todo lo anterior, las transferencias internacionales de datos que realizamos en nuestra p\u00e1gina web son:<\/p><table><tbody><tr><td colspan=\"6\" width=\"566\"><p>Transferencia internacional de datos<\/p><\/td><\/tr><tr><td width=\"92\"><p>Nombre<\/p><\/td><td width=\"82\"><p>Tipolog\u00eda<\/p><\/td><td width=\"79\"><p>Entidad<\/p><\/td><td width=\"68\"><p>Pa\u00eds<\/p><\/td><td width=\"93\"><p>Art\u00edculo RGPD<\/p><\/td><td width=\"152\"><p>M\u00e1s informaci\u00f3n<\/p><\/td><\/tr><tr><td width=\"92\"><p>_gad, _gid, _ga<\/p><\/td><td width=\"82\">Anal\u00edtica<\/td><td width=\"79\">Google Inc.<\/td><td width=\"68\">EE. UU.<\/td><td width=\"93\">Decisi\u00f3n de adecuaci\u00f3n (art\u00edculo 45.1 del RGPD)<\/td><td width=\"152\"><p>Acceso a la adhesi\u00f3n de Google Inc al Data Privacy Framework: <a href=\"https:\/\/www.dataprivacyframework.gov\/s\/participant-search\/participant-detail?id=a2zt000000001L5AAI&amp;status=Active\">aqu\u00ed<\/a>.<\/p><\/td><\/tr><tr><td width=\"92\"> <\/td><td width=\"82\"> <\/td><td width=\"79\"> <\/td><td width=\"68\"> <\/td><td width=\"93\"> <\/td><td width=\"152\"> <\/td><\/tr><\/tbody><\/table><p>Puedes informarte de las transferencias a terceros pa\u00edses que, en su caso, realizan los terceros identificados en esta pol\u00edtica de cookies en sus correspondientes pol\u00edticas (enlaces facilitados en el apartado de \u201cCookies de terceros\u201d)<\/p><h2>6.Derechos de los interesados<\/h2><p>Le recordamos que la normativa de protecci\u00f3n de datos, en los art\u00edculos 15 a 22 del RGPD, permite a los\/as interesados\/as ejercitar los derechos de acceso, rectificaci\u00f3n, supresi\u00f3n (&#8220;derecho al olvido&#8221;), oposici\u00f3n, portabilidad, limitaci\u00f3n del tratamiento, y derecho de oposici\u00f3n a las decisiones automatizadas (incluyendo la elaboraci\u00f3n de perfiles).<\/p><p>Puede ejercitarlos en nuestra direcci\u00f3n f\u00edsica ubicada en PASEO DE LA EXPLANADA, 11 &#8211; 03002 ALICANTE as\u00ed como en el correo electr\u00f3nico <a href=\"mailto:dpo@\">dpo@<\/a>terrerestauracion.com .Puede obtener m\u00e1s informaci\u00f3n en nuestra <u>pol\u00edtica de privacidad<\/u>.<\/p><h2> <\/h2><h2>7. Plazos de conservaci\u00f3n<\/h2><p>En cumplimiento del art\u00edculo 13.2.a) del RGPD, le informamos que las cookies ser\u00e1n instaladas durante un plazo concreto de tiempo. En este sentido, si el usuario desea consultar los plazos de conservaci\u00f3n y obtener m\u00e1s informaci\u00f3n sobre el presente punto, deber\u00e1 consultar la columna \u201ccaducidad\u201d del apartado \u201c3. \u00bfQu\u00e9 cookies utilizamos?\u201d. <\/p><h2> <\/h2><h2>8.\u00bfSe pueden producir modificaciones de la Pol\u00edtica de Cookies?<\/h2><p>TERRE RESTAURACI\u00d3N S.L.U. puede modificar la presente Pol\u00edtica de Cookies en funci\u00f3n de las exigencias legislativas, reglamentarias, o con la finalidad de adaptar dicha pol\u00edtica a las instrucciones dictadas por las autoridades de control europeas y\/o nacionales (en nuestro caso, la Agencia Espa\u00f1ola de Protecci\u00f3n de Datos), por ello se aconseja a los usuarios que la visiten peri\u00f3dicamente.<\/p><p>Cuando se produzcan cambios significativos en esta Pol\u00edtica de Cookies, se comunicar\u00e1n a los usuarios bien mediante la web.<\/p><p>Finalmente podr\u00e1 consultar nuestra <u>pol\u00edtica de privacidad<\/u>, para obtener informaci\u00f3n adicional (art\u00edculo 13 del RGPD) sobre los tratamientos de sus datos personales realizados por TERRE RESTAURACI\u00d3N S.L.U.<\/p><\/div>\t\t\t\t\t\t\t\t<\/div>\n\t\t\t\t<\/div>\n\t\t\t\t<div class=\"elementor-element elementor-element-66493983 elementor-icon-list--layout-traditional elementor-list-item-link-full_width elementor-widget elementor-widget-icon-list\" data-id=\"66493983\" data-element_type=\"widget\" data-widget_type=\"icon-list.default\">\n\t\t\t\t<div class=\"elementor-widget-container\">\n\t\t\t\t\t\t\t<ul class=\"elementor-icon-list-items\">\n\t\t\t\t\t\t\t<li class=\"elementor-icon-list-item\">\n\t\t\t\t\t\t\t\t\t\t\t<a href=\"https:\/\/abarrotebar.com\/en\/\">\n\n\t\t\t\t\t\t\t\t\t\t\t<span class=\"elementor-icon-list-text\">&lt; home<\/span>\n\t\t\t\t\t\t\t\t\t\t\t<\/a>\n\t\t\t\t\t\t\t\t\t<\/li>\n\t\t\t\t\t\t<\/ul>\n\t\t\t\t\t\t<\/div>\n\t\t\t\t<\/div>\n\t\t\t\t<\/div>\n\t\t\t\t<\/div>\n\t\t","protected":false},"excerpt":{"rendered":"<p>POL\u00cdTICA DE COOKIES 1. \u00bfQu\u00e9 son las cookies? La p\u00e1gina web cuya propiedad y titularidad es de TERRE RESTAURACI\u00d3N S.L.U. (en adelante \u201cla web\u201d o el \u201csitio web\u201d) utiliza cookies y\/o tecnolog\u00edas similares que almacenan y recuperan informaci\u00f3n cuando navegas. En general, estas tecnolog\u00edas pueden servir para finalidades muy diversas, como, por ejemplo, reconocerte como [&hellip;]<\/p>\n","protected":false},"author":1,"featured_media":0,"parent":0,"menu_order":0,"comment_status":"closed","ping_status":"closed","template":"","meta":{"footnotes":""},"class_list":["post-576","page","type-page","status-publish","hentry"],"_links":{"self":[{"href":"https:\/\/abarrotebar.com\/en\/wp-json\/wp\/v2\/pages\/576","targetHints":{"allow":["GET"]}}],"collection":[{"href":"https:\/\/abarrotebar.com\/en\/wp-json\/wp\/v2\/pages"}],"about":[{"href":"https:\/\/abarrotebar.com\/en\/wp-json\/wp\/v2\/types\/page"}],"author":[{"embeddable":true,"href":"https:\/\/abarrotebar.com\/en\/wp-json\/wp\/v2\/users\/1"}],"replies":[{"embeddable":true,"href":"https:\/\/abarrotebar.com\/en\/wp-json\/wp\/v2\/comments?post=576"}],"version-history":[{"count":5,"href":"https:\/\/abarrotebar.com\/en\/wp-json\/wp\/v2\/pages\/576\/revisions"}],"predecessor-version":[{"id":711,"href":"https:\/\/abarrotebar.com\/en\/wp-json\/wp\/v2\/pages\/576\/revisions\/711"}],"wp:attachment":[{"href":"https:\/\/abarrotebar.com\/en\/wp-json\/wp\/v2\/media?parent=576"}],"curies":[{"name":"wp","href":"https:\/\/api.w.org\/{rel}","templated":true}]}}